{"id":189,"date":"2025-05-12T12:10:47","date_gmt":"2025-05-12T09:10:47","guid":{"rendered":"https:\/\/denizcevsan.com\/?page_id=189"},"modified":"2025-05-12T12:13:58","modified_gmt":"2025-05-12T09:13:58","slug":"aritma-ekipmanlari","status":"publish","type":"page","link":"https:\/\/denizcevsan.com\/index.php\/aritma-ekipmanlari\/","title":{"rendered":"Ar\u0131tma Ekipmanlar\u0131"},"content":{"rendered":"\t\t<div data-elementor-type=\"wp-page\" data-elementor-id=\"189\" class=\"elementor elementor-189\">\n\t\t\t\t\t\t\t\t\t<section class=\"elementor-section elementor-top-section elementor-element elementor-element-1789153 elementor-section-boxed elementor-section-height-default elementor-section-height-default\" data-id=\"1789153\" data-element_type=\"section\">\n\t\t\t\t\t\t<div class=\"elementor-container elementor-column-gap-default\">\n\t\t\t\t\t<div class=\"elementor-column elementor-col-100 elementor-top-column elementor-element elementor-element-a3d6013\" data-id=\"a3d6013\" data-element_type=\"column\">\n\t\t\t<div class=\"elementor-widget-wrap elementor-element-populated\">\n\t\t\t\t\t\t\t\t<div class=\"elementor-element elementor-element-aa4a5a2 elementor-widget elementor-widget-ts-portfolios\" data-id=\"aa4a5a2\" data-element_type=\"widget\" data-widget_type=\"ts-portfolios.default\">\n\t\t\t\t<div class=\"elementor-widget-container\">\n\t\t\t\t\t\t<div class=\"ts-portfolio-wrapper ts-shortcode loading ts-masonry columns-3\" data-atts=\"{&quot;columns&quot;:&quot;3&quot;,&quot;limit&quot;:9,&quot;categories&quot;:&quot;19&quot;,&quot;orderby&quot;:&quot;none&quot;,&quot;order&quot;:&quot;DESC&quot;,&quot;show_filter_bar&quot;:&quot;1&quot;,&quot;show_title&quot;:&quot;1&quot;,&quot;show_date&quot;:&quot;0&quot;,&quot;show_categories&quot;:&quot;1&quot;,&quot;show_like_icon&quot;:&quot;0&quot;,&quot;original_image&quot;:&quot;0&quot;,&quot;is_slider&quot;:&quot;0&quot;,&quot;show_nav&quot;:&quot;1&quot;,&quot;auto_play&quot;:&quot;0&quot;}\" >\n\t\t\t\n\t\t\t\t\t\t\n\t\t\t\t\t\t\t\t<ul class=\"filter-bar\">\n\t\t\t\t\t\t<li data-filter=\"*\" class=\"current\">All<\/li>\n\t\t\t\t\t\t\t\t\t\t\t\t<li data-filter=\".aritma-ekipmanlari\">Ar\u0131tma Ekipmanlar\u0131<\/li>\n\t\t\t\t\t\t\t\t\t\t\t<\/ul>\n\t\t\t\t\t\t\t\t\t<div class=\"portfolio-inner items\">\n\t\t\t\t\t\t\t\t\t<div class=\"item aritma-ekipmanlari \">\n\t\t\t\t\t<div class=\"item-wrapper\">\n\t\t\t\t\t\t<div class=\"portfolio-thumbnail\">\n\t\t\t\t\t\t\n\t\t\t\t\t\t\t\t\t\t\t\t\t\t<figure>\n\t\t\t\t\t\t\t\t<a href=\"https:\/\/denizcevsan.com\/index.php\/portfolio\/akiskan-kontrol-ekipmanlari-su-ve-atiksu-aritma-ekipmanlari\/\"><img loading=\"lazy\" decoding=\"async\" width=\"338\" height=\"600\" src=\"https:\/\/denizcevsan.com\/wp-content\/uploads\/2025\/05\/admin-ajax-14.jpeg\" class=\"attachment-ts_portfolio_thumb size-ts_portfolio_thumb wp-post-image\" alt=\"\" srcset=\"https:\/\/denizcevsan.com\/wp-content\/uploads\/2025\/05\/admin-ajax-14.jpeg 338w, https:\/\/denizcevsan.com\/wp-content\/uploads\/2025\/05\/admin-ajax-14-169x300.jpeg 169w\" sizes=\"auto, (max-width: 338px) 100vw, 338px\" \/><\/a>\t\t\t\t\t\t\t\t\n\t\t\t\t\t\t\t<\/figure>\n\t\t\t\t\t\t\t\t\t\t\t\t\t\t\n\t\t\t\t\t\t\t\t\t\t\t\t\t\t\n\t\t\t\t\t\t\t\t\t\t\t\t\t\t<div class=\"cats-portfolio\">\n\t\t\t\t\t\t\t\t<a href=\"https:\/\/denizcevsan.com\/index.php\/ts_portfolio_cat\/aritma-ekipmanlari\/\" rel=\"tag\">Ar\u0131tma Ekipmanlar\u0131<\/a>\t\t\t\t\t\t\t<\/div>\n\t\t\t\t\t\t\t\t\t\t\t\t\t\t\n\t\t\t\t\t\t<\/div>\n\t\t\t\t\t\t\n\t\t\t\t\t\t<div class=\"portfolio-meta\">\n\n\t\t\t\t\t\t\t\t\t\t\t\t\t\t<h4 class=\"heading-title\">\n\t\t\t\t\t\t\t\t<a href=\"https:\/\/denizcevsan.com\/index.php\/portfolio\/akiskan-kontrol-ekipmanlari-su-ve-atiksu-aritma-ekipmanlari\/\">\n\t\t\t\t\t\t\t\t\tAk\u0131\u015fkan Kontrol Ekipmanlar\u0131 &#8211; Su ve At\u0131ksu Ar\u0131tma Ekipmanlar\u0131\t\t\t\t\t\t\t\t<\/a>\n\t\t\t\t\t\t\t<\/h4>\n\t\t\t\t\t\t\t\t\t\t\t\t\t\t\n\t\t\t\t\t\t\t\n\t\t\t\t\t\t<\/div>\n\t\t\t\t\t<\/div>\n\t\t\t\t<\/div>\n\t\t\t\t\t\t\t<div class=\"item aritma-ekipmanlari \">\n\t\t\t\t\t<div class=\"item-wrapper\">\n\t\t\t\t\t\t<div class=\"portfolio-thumbnail\">\n\t\t\t\t\t\t\n\t\t\t\t\t\t\t\t\t\t\t\t\t\t<figure>\n\t\t\t\t\t\t\t\t<a href=\"https:\/\/denizcevsan.com\/index.php\/portfolio\/siyirici-ve-cokturme-ekipmanlari-su-ve-atiksu-aritma-ekipmanlari\/\"><img loading=\"lazy\" decoding=\"async\" width=\"600\" height=\"320\" src=\"https:\/\/denizcevsan.com\/wp-content\/uploads\/2025\/05\/admin-ajax-15.jpeg\" class=\"attachment-ts_portfolio_thumb size-ts_portfolio_thumb wp-post-image\" alt=\"\" srcset=\"https:\/\/denizcevsan.com\/wp-content\/uploads\/2025\/05\/admin-ajax-15.jpeg 600w, https:\/\/denizcevsan.com\/wp-content\/uploads\/2025\/05\/admin-ajax-15-300x160.jpeg 300w\" sizes=\"auto, (max-width: 600px) 100vw, 600px\" \/><\/a>\t\t\t\t\t\t\t\t\n\t\t\t\t\t\t\t<\/figure>\n\t\t\t\t\t\t\t\t\t\t\t\t\t\t\n\t\t\t\t\t\t\t\t\t\t\t\t\t\t\n\t\t\t\t\t\t\t\t\t\t\t\t\t\t<div class=\"cats-portfolio\">\n\t\t\t\t\t\t\t\t<a href=\"https:\/\/denizcevsan.com\/index.php\/ts_portfolio_cat\/aritma-ekipmanlari\/\" rel=\"tag\">Ar\u0131tma Ekipmanlar\u0131<\/a>\t\t\t\t\t\t\t<\/div>\n\t\t\t\t\t\t\t\t\t\t\t\t\t\t\n\t\t\t\t\t\t<\/div>\n\t\t\t\t\t\t\n\t\t\t\t\t\t<div class=\"portfolio-meta\">\n\n\t\t\t\t\t\t\t\t\t\t\t\t\t\t<h4 class=\"heading-title\">\n\t\t\t\t\t\t\t\t<a href=\"https:\/\/denizcevsan.com\/index.php\/portfolio\/siyirici-ve-cokturme-ekipmanlari-su-ve-atiksu-aritma-ekipmanlari\/\">\n\t\t\t\t\t\t\t\t\tS\u0131y\u0131r\u0131c\u0131 ve \u00c7\u00f6kt\u00fcrme Ekipmanlar\u0131- Su ve At\u0131ksu Ar\u0131tma Ekipmanlar\u0131\t\t\t\t\t\t\t\t<\/a>\n\t\t\t\t\t\t\t<\/h4>\n\t\t\t\t\t\t\t\t\t\t\t\t\t\t\n\t\t\t\t\t\t\t\n\t\t\t\t\t\t<\/div>\n\t\t\t\t\t<\/div>\n\t\t\t\t<\/div>\n\t\t\t\t\t\t\t<div class=\"item aritma-ekipmanlari \">\n\t\t\t\t\t<div class=\"item-wrapper\">\n\t\t\t\t\t\t<div class=\"portfolio-thumbnail\">\n\t\t\t\t\t\t\n\t\t\t\t\t\t\t\t\t\t\t\t\t\t<figure>\n\t\t\t\t\t\t\t\t<a href=\"https:\/\/denizcevsan.com\/index.php\/portfolio\/polimer-hazirlama-ekipmanlari-su-ve-atiksu-aritma-ekipmanlari\/\"><img loading=\"lazy\" decoding=\"async\" width=\"600\" height=\"398\" src=\"https:\/\/denizcevsan.com\/wp-content\/uploads\/2025\/05\/admin-ajax-16.jpeg\" class=\"attachment-ts_portfolio_thumb size-ts_portfolio_thumb wp-post-image\" alt=\"\" srcset=\"https:\/\/denizcevsan.com\/wp-content\/uploads\/2025\/05\/admin-ajax-16.jpeg 600w, https:\/\/denizcevsan.com\/wp-content\/uploads\/2025\/05\/admin-ajax-16-300x199.jpeg 300w\" sizes=\"auto, (max-width: 600px) 100vw, 600px\" \/><\/a>\t\t\t\t\t\t\t\t\n\t\t\t\t\t\t\t<\/figure>\n\t\t\t\t\t\t\t\t\t\t\t\t\t\t\n\t\t\t\t\t\t\t\t\t\t\t\t\t\t\n\t\t\t\t\t\t\t\t\t\t\t\t\t\t<div class=\"cats-portfolio\">\n\t\t\t\t\t\t\t\t<a href=\"https:\/\/denizcevsan.com\/index.php\/ts_portfolio_cat\/aritma-ekipmanlari\/\" rel=\"tag\">Ar\u0131tma Ekipmanlar\u0131<\/a>\t\t\t\t\t\t\t<\/div>\n\t\t\t\t\t\t\t\t\t\t\t\t\t\t\n\t\t\t\t\t\t<\/div>\n\t\t\t\t\t\t\n\t\t\t\t\t\t<div class=\"portfolio-meta\">\n\n\t\t\t\t\t\t\t\t\t\t\t\t\t\t<h4 class=\"heading-title\">\n\t\t\t\t\t\t\t\t<a href=\"https:\/\/denizcevsan.com\/index.php\/portfolio\/polimer-hazirlama-ekipmanlari-su-ve-atiksu-aritma-ekipmanlari\/\">\n\t\t\t\t\t\t\t\t\tPolimer Haz\u0131rlama Ekipmanlar\u0131- Su ve At\u0131ksu Ar\u0131tma Ekipmanlar\u0131\t\t\t\t\t\t\t\t<\/a>\n\t\t\t\t\t\t\t<\/h4>\n\t\t\t\t\t\t\t\t\t\t\t\t\t\t\n\t\t\t\t\t\t\t\n\t\t\t\t\t\t<\/div>\n\t\t\t\t\t<\/div>\n\t\t\t\t<\/div>\n\t\t\t\t\t\t\t<div class=\"item aritma-ekipmanlari \">\n\t\t\t\t\t<div class=\"item-wrapper\">\n\t\t\t\t\t\t<div class=\"portfolio-thumbnail\">\n\t\t\t\t\t\t\n\t\t\t\t\t\t\t\t\t\t\t\t\t\t<figure>\n\t\t\t\t\t\t\t\t<a href=\"https:\/\/denizcevsan.com\/index.php\/portfolio\/on-aritma-ekipmanlari-su-ve-atiksu-aritma-ekipmanlari\/\"><img loading=\"lazy\" decoding=\"async\" width=\"600\" height=\"409\" src=\"https:\/\/denizcevsan.com\/wp-content\/uploads\/2025\/05\/admin-ajax-17.jpeg\" class=\"attachment-ts_portfolio_thumb size-ts_portfolio_thumb wp-post-image\" alt=\"\" srcset=\"https:\/\/denizcevsan.com\/wp-content\/uploads\/2025\/05\/admin-ajax-17.jpeg 600w, https:\/\/denizcevsan.com\/wp-content\/uploads\/2025\/05\/admin-ajax-17-300x205.jpeg 300w\" sizes=\"auto, (max-width: 600px) 100vw, 600px\" \/><\/a>\t\t\t\t\t\t\t\t\n\t\t\t\t\t\t\t<\/figure>\n\t\t\t\t\t\t\t\t\t\t\t\t\t\t\n\t\t\t\t\t\t\t\t\t\t\t\t\t\t\n\t\t\t\t\t\t\t\t\t\t\t\t\t\t<div class=\"cats-portfolio\">\n\t\t\t\t\t\t\t\t<a href=\"https:\/\/denizcevsan.com\/index.php\/ts_portfolio_cat\/aritma-ekipmanlari\/\" rel=\"tag\">Ar\u0131tma Ekipmanlar\u0131<\/a>\t\t\t\t\t\t\t<\/div>\n\t\t\t\t\t\t\t\t\t\t\t\t\t\t\n\t\t\t\t\t\t<\/div>\n\t\t\t\t\t\t\n\t\t\t\t\t\t<div class=\"portfolio-meta\">\n\n\t\t\t\t\t\t\t\t\t\t\t\t\t\t<h4 class=\"heading-title\">\n\t\t\t\t\t\t\t\t<a href=\"https:\/\/denizcevsan.com\/index.php\/portfolio\/on-aritma-ekipmanlari-su-ve-atiksu-aritma-ekipmanlari\/\">\n\t\t\t\t\t\t\t\t\t\u00d6n Ar\u0131tma Ekipmanlar\u0131 &#8211; Su ve At\u0131ksu Ar\u0131tma Ekipmanlar\u0131\t\t\t\t\t\t\t\t<\/a>\n\t\t\t\t\t\t\t<\/h4>\n\t\t\t\t\t\t\t\t\t\t\t\t\t\t\n\t\t\t\t\t\t\t\n\t\t\t\t\t\t<\/div>\n\t\t\t\t\t<\/div>\n\t\t\t\t<\/div>\n\t\t\t\t\t\t\t<div class=\"item aritma-ekipmanlari \">\n\t\t\t\t\t<div class=\"item-wrapper\">\n\t\t\t\t\t\t<div class=\"portfolio-thumbnail\">\n\t\t\t\t\t\t\n\t\t\t\t\t\t\t\t\t\t\t\t\t\t<figure>\n\t\t\t\t\t\t\t\t<a href=\"https:\/\/denizcevsan.com\/index.php\/portfolio\/disk-filtreler-su-ve-atiksu-aritma-ekipmanlari\/\"><img loading=\"lazy\" decoding=\"async\" width=\"600\" height=\"338\" src=\"https:\/\/denizcevsan.com\/wp-content\/uploads\/2025\/05\/admin-ajax-26.jpeg\" class=\"attachment-ts_portfolio_thumb size-ts_portfolio_thumb wp-post-image\" alt=\"\" srcset=\"https:\/\/denizcevsan.com\/wp-content\/uploads\/2025\/05\/admin-ajax-26.jpeg 600w, https:\/\/denizcevsan.com\/wp-content\/uploads\/2025\/05\/admin-ajax-26-300x169.jpeg 300w\" sizes=\"auto, (max-width: 600px) 100vw, 600px\" \/><\/a>\t\t\t\t\t\t\t\t\n\t\t\t\t\t\t\t<\/figure>\n\t\t\t\t\t\t\t\t\t\t\t\t\t\t\n\t\t\t\t\t\t\t\t\t\t\t\t\t\t\n\t\t\t\t\t\t\t\t\t\t\t\t\t\t<div class=\"cats-portfolio\">\n\t\t\t\t\t\t\t\t<a href=\"https:\/\/denizcevsan.com\/index.php\/ts_portfolio_cat\/aritma-ekipmanlari\/\" rel=\"tag\">Ar\u0131tma Ekipmanlar\u0131<\/a>\t\t\t\t\t\t\t<\/div>\n\t\t\t\t\t\t\t\t\t\t\t\t\t\t\n\t\t\t\t\t\t<\/div>\n\t\t\t\t\t\t\n\t\t\t\t\t\t<div class=\"portfolio-meta\">\n\n\t\t\t\t\t\t\t\t\t\t\t\t\t\t<h4 class=\"heading-title\">\n\t\t\t\t\t\t\t\t<a href=\"https:\/\/denizcevsan.com\/index.php\/portfolio\/disk-filtreler-su-ve-atiksu-aritma-ekipmanlari\/\">\n\t\t\t\t\t\t\t\t\tDisk Filtreler &#8211; Su ve At\u0131ksu Ar\u0131tma Ekipmanlar\u0131\t\t\t\t\t\t\t\t<\/a>\n\t\t\t\t\t\t\t<\/h4>\n\t\t\t\t\t\t\t\t\t\t\t\t\t\t\n\t\t\t\t\t\t\t\n\t\t\t\t\t\t<\/div>\n\t\t\t\t\t<\/div>\n\t\t\t\t<\/div>\n\t\t\t\t\t\t\t<div class=\"item aritma-ekipmanlari \">\n\t\t\t\t\t<div class=\"item-wrapper\">\n\t\t\t\t\t\t<div class=\"portfolio-thumbnail\">\n\t\t\t\t\t\t\n\t\t\t\t\t\t\t\t\t\t\t\t\t\t<figure>\n\t\t\t\t\t\t\t\t<a href=\"https:\/\/denizcevsan.com\/index.php\/portfolio\/helezon-ve-bantli-tasiyici-ekipmanlar-su-ve-atiksu-aritma-ekipmanlari\/\"><img loading=\"lazy\" decoding=\"async\" width=\"600\" height=\"400\" src=\"https:\/\/denizcevsan.com\/wp-content\/uploads\/2025\/05\/admin-ajax.png\" class=\"attachment-ts_portfolio_thumb size-ts_portfolio_thumb wp-post-image\" alt=\"\" srcset=\"https:\/\/denizcevsan.com\/wp-content\/uploads\/2025\/05\/admin-ajax.png 600w, https:\/\/denizcevsan.com\/wp-content\/uploads\/2025\/05\/admin-ajax-300x200.png 300w\" sizes=\"auto, (max-width: 600px) 100vw, 600px\" \/><\/a>\t\t\t\t\t\t\t\t\n\t\t\t\t\t\t\t<\/figure>\n\t\t\t\t\t\t\t\t\t\t\t\t\t\t\n\t\t\t\t\t\t\t\t\t\t\t\t\t\t\n\t\t\t\t\t\t\t\t\t\t\t\t\t\t<div class=\"cats-portfolio\">\n\t\t\t\t\t\t\t\t<a href=\"https:\/\/denizcevsan.com\/index.php\/ts_portfolio_cat\/aritma-ekipmanlari\/\" rel=\"tag\">Ar\u0131tma Ekipmanlar\u0131<\/a>\t\t\t\t\t\t\t<\/div>\n\t\t\t\t\t\t\t\t\t\t\t\t\t\t\n\t\t\t\t\t\t<\/div>\n\t\t\t\t\t\t\n\t\t\t\t\t\t<div class=\"portfolio-meta\">\n\n\t\t\t\t\t\t\t\t\t\t\t\t\t\t<h4 class=\"heading-title\">\n\t\t\t\t\t\t\t\t<a href=\"https:\/\/denizcevsan.com\/index.php\/portfolio\/helezon-ve-bantli-tasiyici-ekipmanlar-su-ve-atiksu-aritma-ekipmanlari\/\">\n\t\t\t\t\t\t\t\t\tHelezon ve Bantl\u0131 Ta\u015f\u0131y\u0131c\u0131 Ekipmanlar- Su ve At\u0131ksu Ar\u0131tma Ekipmanlar\u0131\t\t\t\t\t\t\t\t<\/a>\n\t\t\t\t\t\t\t<\/h4>\n\t\t\t\t\t\t\t\t\t\t\t\t\t\t\n\t\t\t\t\t\t\t\n\t\t\t\t\t\t<\/div>\n\t\t\t\t\t<\/div>\n\t\t\t\t<\/div>\n\t\t\t\t\t\t\t<div class=\"item aritma-ekipmanlari \">\n\t\t\t\t\t<div class=\"item-wrapper\">\n\t\t\t\t\t\t<div class=\"portfolio-thumbnail\">\n\t\t\t\t\t\t\n\t\t\t\t\t\t\t\t\t\t\t\t\t\t<figure>\n\t\t\t\t\t\t\t\t<a href=\"https:\/\/denizcevsan.com\/index.php\/portfolio\/izgaralar-su-ve-atiksu-aritma-ekipmanlari\/\"><img loading=\"lazy\" decoding=\"async\" width=\"600\" height=\"400\" src=\"https:\/\/denizcevsan.com\/wp-content\/uploads\/2025\/05\/admin-ajax-27.jpeg\" class=\"attachment-ts_portfolio_thumb size-ts_portfolio_thumb wp-post-image\" alt=\"\" srcset=\"https:\/\/denizcevsan.com\/wp-content\/uploads\/2025\/05\/admin-ajax-27.jpeg 600w, https:\/\/denizcevsan.com\/wp-content\/uploads\/2025\/05\/admin-ajax-27-300x200.jpeg 300w\" sizes=\"auto, (max-width: 600px) 100vw, 600px\" \/><\/a>\t\t\t\t\t\t\t\t\n\t\t\t\t\t\t\t<\/figure>\n\t\t\t\t\t\t\t\t\t\t\t\t\t\t\n\t\t\t\t\t\t\t\t\t\t\t\t\t\t\n\t\t\t\t\t\t\t\t\t\t\t\t\t\t<div class=\"cats-portfolio\">\n\t\t\t\t\t\t\t\t<a href=\"https:\/\/denizcevsan.com\/index.php\/ts_portfolio_cat\/aritma-ekipmanlari\/\" rel=\"tag\">Ar\u0131tma Ekipmanlar\u0131<\/a>\t\t\t\t\t\t\t<\/div>\n\t\t\t\t\t\t\t\t\t\t\t\t\t\t\n\t\t\t\t\t\t<\/div>\n\t\t\t\t\t\t\n\t\t\t\t\t\t<div class=\"portfolio-meta\">\n\n\t\t\t\t\t\t\t\t\t\t\t\t\t\t<h4 class=\"heading-title\">\n\t\t\t\t\t\t\t\t<a href=\"https:\/\/denizcevsan.com\/index.php\/portfolio\/izgaralar-su-ve-atiksu-aritma-ekipmanlari\/\">\n\t\t\t\t\t\t\t\t\tIzgaralar- Su ve At\u0131ksu Ar\u0131tma Ekipmanlar\u0131\t\t\t\t\t\t\t\t<\/a>\n\t\t\t\t\t\t\t<\/h4>\n\t\t\t\t\t\t\t\t\t\t\t\t\t\t\n\t\t\t\t\t\t\t\n\t\t\t\t\t\t<\/div>\n\t\t\t\t\t<\/div>\n\t\t\t\t<\/div>\n\t\t\t\t\t\t\t<div class=\"item aritma-ekipmanlari \">\n\t\t\t\t\t<div class=\"item-wrapper\">\n\t\t\t\t\t\t<div class=\"portfolio-thumbnail\">\n\t\t\t\t\t\t\n\t\t\t\t\t\t\t\t\t\t\t\t\t\t<figure>\n\t\t\t\t\t\t\t\t<a href=\"https:\/\/denizcevsan.com\/index.php\/portfolio\/kum-ayiricilar-su-ve-atiksu-aritma-ekipmanlari\/\"><img loading=\"lazy\" decoding=\"async\" width=\"600\" height=\"407\" src=\"https:\/\/denizcevsan.com\/wp-content\/uploads\/2025\/05\/admin-ajax-28.jpeg\" class=\"attachment-ts_portfolio_thumb size-ts_portfolio_thumb wp-post-image\" alt=\"\" srcset=\"https:\/\/denizcevsan.com\/wp-content\/uploads\/2025\/05\/admin-ajax-28.jpeg 600w, https:\/\/denizcevsan.com\/wp-content\/uploads\/2025\/05\/admin-ajax-28-300x204.jpeg 300w\" sizes=\"auto, (max-width: 600px) 100vw, 600px\" \/><\/a>\t\t\t\t\t\t\t\t\n\t\t\t\t\t\t\t<\/figure>\n\t\t\t\t\t\t\t\t\t\t\t\t\t\t\n\t\t\t\t\t\t\t\t\t\t\t\t\t\t\n\t\t\t\t\t\t\t\t\t\t\t\t\t\t<div class=\"cats-portfolio\">\n\t\t\t\t\t\t\t\t<a href=\"https:\/\/denizcevsan.com\/index.php\/ts_portfolio_cat\/aritma-ekipmanlari\/\" rel=\"tag\">Ar\u0131tma Ekipmanlar\u0131<\/a>\t\t\t\t\t\t\t<\/div>\n\t\t\t\t\t\t\t\t\t\t\t\t\t\t\n\t\t\t\t\t\t<\/div>\n\t\t\t\t\t\t\n\t\t\t\t\t\t<div class=\"portfolio-meta\">\n\n\t\t\t\t\t\t\t\t\t\t\t\t\t\t<h4 class=\"heading-title\">\n\t\t\t\t\t\t\t\t<a href=\"https:\/\/denizcevsan.com\/index.php\/portfolio\/kum-ayiricilar-su-ve-atiksu-aritma-ekipmanlari\/\">\n\t\t\t\t\t\t\t\t\tKum Ay\u0131r\u0131c\u0131lar- Su ve At\u0131ksu Ar\u0131tma Ekipmanlar\u0131\t\t\t\t\t\t\t\t<\/a>\n\t\t\t\t\t\t\t<\/h4>\n\t\t\t\t\t\t\t\t\t\t\t\t\t\t\n\t\t\t\t\t\t\t\n\t\t\t\t\t\t<\/div>\n\t\t\t\t\t<\/div>\n\t\t\t\t<\/div>\n\t\t\t\t\t\t\t<\/div>\n\t\t\t\t\n\t\t\t\t\t\t\t<\/div>\n\t\t\t\n\t\t\t\t\t<\/div>\n\t\t\t\t<\/div>\n\t\t\t\t\t<\/div>\n\t\t<\/div>\n\t\t\t\t\t\t\t<\/div>\n\t\t<\/section>\n\t\t\t\t\t\t\t<\/div>\n\t\t","protected":false},"excerpt":{"rendered":"<p>All Ar\u0131tma Ekipmanlar\u0131 Ar\u0131tma Ekipmanlar\u0131 Ak\u0131\u015fkan Kontrol Ekipmanlar\u0131 &#8211; Su ve At\u0131ksu Ar\u0131tma Ekipmanlar\u0131 Ar\u0131tma Ekipmanlar\u0131 S\u0131y\u0131r\u0131c\u0131 ve \u00c7\u00f6kt\u00fcrme Ekipmanlar\u0131- Su ve At\u0131ksu Ar\u0131tma Ekipmanlar\u0131 Ar\u0131tma Ekipmanlar\u0131 Polimer Haz\u0131rlama Ekipmanlar\u0131- Su ve At\u0131ksu Ar\u0131tma Ekipmanlar\u0131 Ar\u0131tma Ekipmanlar\u0131 \u00d6n Ar\u0131tma Ekipmanlar\u0131 &#8211; Su ve At\u0131ksu Ar\u0131tma Ekipmanlar\u0131<\/p>\n","protected":false},"author":1,"featured_media":0,"parent":0,"menu_order":0,"comment_status":"closed","ping_status":"closed","template":"","meta":{"footnotes":""},"class_list":["post-189","page","type-page","status-publish","hentry"],"_links":{"self":[{"href":"https:\/\/denizcevsan.com\/index.php\/wp-json\/wp\/v2\/pages\/189","targetHints":{"allow":["GET"]}}],"collection":[{"href":"https:\/\/denizcevsan.com\/index.php\/wp-json\/wp\/v2\/pages"}],"about":[{"href":"https:\/\/denizcevsan.com\/index.php\/wp-json\/wp\/v2\/types\/page"}],"author":[{"embeddable":true,"href":"https:\/\/denizcevsan.com\/index.php\/wp-json\/wp\/v2\/users\/1"}],"replies":[{"embeddable":true,"href":"https:\/\/denizcevsan.com\/index.php\/wp-json\/wp\/v2\/comments?post=189"}],"version-history":[{"count":7,"href":"https:\/\/denizcevsan.com\/index.php\/wp-json\/wp\/v2\/pages\/189\/revisions"}],"predecessor-version":[{"id":203,"href":"https:\/\/denizcevsan.com\/index.php\/wp-json\/wp\/v2\/pages\/189\/revisions\/203"}],"wp:attachment":[{"href":"https:\/\/denizcevsan.com\/index.php\/wp-json\/wp\/v2\/media?parent=189"}],"curies":[{"name":"wp","href":"https:\/\/api.w.org\/{rel}","templated":true}]}}