{"id":194,"date":"2025-05-12T12:12:20","date_gmt":"2025-05-12T09:12:20","guid":{"rendered":"https:\/\/denizcevsan.com\/?page_id=194"},"modified":"2025-05-12T12:13:02","modified_gmt":"2025-05-12T09:13:02","slug":"paket-aritma-sistemleri","status":"publish","type":"page","link":"https:\/\/denizcevsan.com\/index.php\/paket-aritma-sistemleri\/","title":{"rendered":"Paket Ar\u0131tma Sistemleri"},"content":{"rendered":"\t\t<div data-elementor-type=\"wp-page\" data-elementor-id=\"194\" class=\"elementor elementor-194\">\n\t\t\t\t\t\t\t\t\t<section class=\"elementor-section elementor-top-section elementor-element elementor-element-f3688a5 elementor-section-boxed elementor-section-height-default elementor-section-height-default\" data-id=\"f3688a5\" data-element_type=\"section\">\n\t\t\t\t\t\t<div class=\"elementor-container elementor-column-gap-default\">\n\t\t\t\t\t<div class=\"elementor-column elementor-col-100 elementor-top-column elementor-element elementor-element-a929f61\" data-id=\"a929f61\" data-element_type=\"column\">\n\t\t\t<div class=\"elementor-widget-wrap elementor-element-populated\">\n\t\t\t\t\t\t\t\t<div class=\"elementor-element elementor-element-da2c2e6 elementor-widget elementor-widget-ts-portfolios\" data-id=\"da2c2e6\" data-element_type=\"widget\" data-widget_type=\"ts-portfolios.default\">\n\t\t\t\t<div class=\"elementor-widget-container\">\n\t\t\t\t\t\t<div class=\"ts-portfolio-wrapper ts-shortcode loading ts-masonry columns-3\" data-atts=\"{&quot;columns&quot;:&quot;3&quot;,&quot;limit&quot;:9,&quot;categories&quot;:&quot;24&quot;,&quot;orderby&quot;:&quot;none&quot;,&quot;order&quot;:&quot;DESC&quot;,&quot;show_filter_bar&quot;:&quot;1&quot;,&quot;show_title&quot;:&quot;1&quot;,&quot;show_date&quot;:&quot;0&quot;,&quot;show_categories&quot;:&quot;1&quot;,&quot;show_like_icon&quot;:&quot;0&quot;,&quot;original_image&quot;:&quot;0&quot;,&quot;is_slider&quot;:&quot;0&quot;,&quot;show_nav&quot;:&quot;1&quot;,&quot;auto_play&quot;:&quot;0&quot;}\" >\n\t\t\t\n\t\t\t\t\t\t\n\t\t\t\t\t\t\t\t<ul class=\"filter-bar\">\n\t\t\t\t\t\t<li data-filter=\"*\" class=\"current\">All<\/li>\n\t\t\t\t\t\t\t\t\t\t\t\t<li data-filter=\".paket-aritma-sistemleri\">Paket Ar\u0131tma Sistemleri<\/li>\n\t\t\t\t\t\t\t\t\t\t\t<\/ul>\n\t\t\t\t\t\t\t\t\t<div class=\"portfolio-inner items\">\n\t\t\t\t\t\t\t\t\t<div class=\"item paket-aritma-sistemleri \">\n\t\t\t\t\t<div class=\"item-wrapper\">\n\t\t\t\t\t\t<div class=\"portfolio-thumbnail\">\n\t\t\t\t\t\t\n\t\t\t\t\t\t\t\t\t\t\t\t\t\t<figure>\n\t\t\t\t\t\t\t\t<a href=\"https:\/\/denizcevsan.com\/index.php\/portfolio\/daf-yag-icerikli-atiksu-paket-aritma-sistemleri\/\"><img loading=\"lazy\" decoding=\"async\" width=\"600\" height=\"338\" src=\"https:\/\/denizcevsan.com\/wp-content\/uploads\/2025\/05\/admin-ajax-18.jpeg\" class=\"attachment-ts_portfolio_thumb size-ts_portfolio_thumb wp-post-image\" alt=\"\" srcset=\"https:\/\/denizcevsan.com\/wp-content\/uploads\/2025\/05\/admin-ajax-18.jpeg 600w, https:\/\/denizcevsan.com\/wp-content\/uploads\/2025\/05\/admin-ajax-18-300x169.jpeg 300w\" sizes=\"auto, (max-width: 600px) 100vw, 600px\" \/><\/a>\t\t\t\t\t\t\t\t\n\t\t\t\t\t\t\t<\/figure>\n\t\t\t\t\t\t\t\t\t\t\t\t\t\t\n\t\t\t\t\t\t\t\t\t\t\t\t\t\t\n\t\t\t\t\t\t\t\t\t\t\t\t\t\t<div class=\"cats-portfolio\">\n\t\t\t\t\t\t\t\t<a href=\"https:\/\/denizcevsan.com\/index.php\/ts_portfolio_cat\/paket-aritma-sistemleri\/\" rel=\"tag\">Paket Ar\u0131tma Sistemleri<\/a>\t\t\t\t\t\t\t<\/div>\n\t\t\t\t\t\t\t\t\t\t\t\t\t\t\n\t\t\t\t\t\t<\/div>\n\t\t\t\t\t\t\n\t\t\t\t\t\t<div class=\"portfolio-meta\">\n\n\t\t\t\t\t\t\t\t\t\t\t\t\t\t<h4 class=\"heading-title\">\n\t\t\t\t\t\t\t\t<a href=\"https:\/\/denizcevsan.com\/index.php\/portfolio\/daf-yag-icerikli-atiksu-paket-aritma-sistemleri\/\">\n\t\t\t\t\t\t\t\t\tDAF- Ya\u011f i\u00e7erikli At\u0131ksu Paket Ar\u0131tma Sistemleri\t\t\t\t\t\t\t\t<\/a>\n\t\t\t\t\t\t\t<\/h4>\n\t\t\t\t\t\t\t\t\t\t\t\t\t\t\n\t\t\t\t\t\t\t\n\t\t\t\t\t\t<\/div>\n\t\t\t\t\t<\/div>\n\t\t\t\t<\/div>\n\t\t\t\t\t\t\t<div class=\"item paket-aritma-sistemleri \">\n\t\t\t\t\t<div class=\"item-wrapper\">\n\t\t\t\t\t\t<div class=\"portfolio-thumbnail\">\n\t\t\t\t\t\t\n\t\t\t\t\t\t\t\t\t\t\t\t\t\t<figure>\n\t\t\t\t\t\t\t\t<a href=\"https:\/\/denizcevsan.com\/index.php\/portfolio\/mbbr-ileri-biyolojik-atiksu-aritma-sistemleri\/\"><img loading=\"lazy\" decoding=\"async\" width=\"600\" height=\"398\" src=\"https:\/\/denizcevsan.com\/wp-content\/uploads\/2025\/05\/admin-ajax-19.jpeg\" class=\"attachment-ts_portfolio_thumb size-ts_portfolio_thumb wp-post-image\" alt=\"\" srcset=\"https:\/\/denizcevsan.com\/wp-content\/uploads\/2025\/05\/admin-ajax-19.jpeg 600w, https:\/\/denizcevsan.com\/wp-content\/uploads\/2025\/05\/admin-ajax-19-300x199.jpeg 300w\" sizes=\"auto, (max-width: 600px) 100vw, 600px\" \/><\/a>\t\t\t\t\t\t\t\t\n\t\t\t\t\t\t\t<\/figure>\n\t\t\t\t\t\t\t\t\t\t\t\t\t\t\n\t\t\t\t\t\t\t\t\t\t\t\t\t\t\n\t\t\t\t\t\t\t\t\t\t\t\t\t\t<div class=\"cats-portfolio\">\n\t\t\t\t\t\t\t\t<a href=\"https:\/\/denizcevsan.com\/index.php\/ts_portfolio_cat\/paket-aritma-sistemleri\/\" rel=\"tag\">Paket Ar\u0131tma Sistemleri<\/a>\t\t\t\t\t\t\t<\/div>\n\t\t\t\t\t\t\t\t\t\t\t\t\t\t\n\t\t\t\t\t\t<\/div>\n\t\t\t\t\t\t\n\t\t\t\t\t\t<div class=\"portfolio-meta\">\n\n\t\t\t\t\t\t\t\t\t\t\t\t\t\t<h4 class=\"heading-title\">\n\t\t\t\t\t\t\t\t<a href=\"https:\/\/denizcevsan.com\/index.php\/portfolio\/mbbr-ileri-biyolojik-atiksu-aritma-sistemleri\/\">\n\t\t\t\t\t\t\t\t\tMBBR- \u0130leri Biyolojik At\u0131ksu Ar\u0131tma Sistemleri\t\t\t\t\t\t\t\t<\/a>\n\t\t\t\t\t\t\t<\/h4>\n\t\t\t\t\t\t\t\t\t\t\t\t\t\t\n\t\t\t\t\t\t\t\n\t\t\t\t\t\t<\/div>\n\t\t\t\t\t<\/div>\n\t\t\t\t<\/div>\n\t\t\t\t\t\t\t<div class=\"item paket-aritma-sistemleri \">\n\t\t\t\t\t<div class=\"item-wrapper\">\n\t\t\t\t\t\t<div class=\"portfolio-thumbnail\">\n\t\t\t\t\t\t\n\t\t\t\t\t\t\t\t\t\t\t\t\t\t<figure>\n\t\t\t\t\t\t\t\t<a href=\"https:\/\/denizcevsan.com\/index.php\/portfolio\/mbr-membranli-atiksu-aritma-sistemleri\/\"><img loading=\"lazy\" decoding=\"async\" width=\"600\" height=\"300\" src=\"https:\/\/denizcevsan.com\/wp-content\/uploads\/2025\/05\/admin-ajax-20.jpeg\" class=\"attachment-ts_portfolio_thumb size-ts_portfolio_thumb wp-post-image\" alt=\"\" srcset=\"https:\/\/denizcevsan.com\/wp-content\/uploads\/2025\/05\/admin-ajax-20.jpeg 600w, https:\/\/denizcevsan.com\/wp-content\/uploads\/2025\/05\/admin-ajax-20-300x150.jpeg 300w\" sizes=\"auto, (max-width: 600px) 100vw, 600px\" \/><\/a>\t\t\t\t\t\t\t\t\n\t\t\t\t\t\t\t<\/figure>\n\t\t\t\t\t\t\t\t\t\t\t\t\t\t\n\t\t\t\t\t\t\t\t\t\t\t\t\t\t\n\t\t\t\t\t\t\t\t\t\t\t\t\t\t<div class=\"cats-portfolio\">\n\t\t\t\t\t\t\t\t<a href=\"https:\/\/denizcevsan.com\/index.php\/ts_portfolio_cat\/paket-aritma-sistemleri\/\" rel=\"tag\">Paket Ar\u0131tma Sistemleri<\/a>\t\t\t\t\t\t\t<\/div>\n\t\t\t\t\t\t\t\t\t\t\t\t\t\t\n\t\t\t\t\t\t<\/div>\n\t\t\t\t\t\t\n\t\t\t\t\t\t<div class=\"portfolio-meta\">\n\n\t\t\t\t\t\t\t\t\t\t\t\t\t\t<h4 class=\"heading-title\">\n\t\t\t\t\t\t\t\t<a href=\"https:\/\/denizcevsan.com\/index.php\/portfolio\/mbr-membranli-atiksu-aritma-sistemleri\/\">\n\t\t\t\t\t\t\t\t\tMBR- Membranl\u0131 At\u0131ksu Ar\u0131tma Sistemleri\t\t\t\t\t\t\t\t<\/a>\n\t\t\t\t\t\t\t<\/h4>\n\t\t\t\t\t\t\t\t\t\t\t\t\t\t\n\t\t\t\t\t\t\t\n\t\t\t\t\t\t<\/div>\n\t\t\t\t\t<\/div>\n\t\t\t\t<\/div>\n\t\t\t\t\t\t\t<div class=\"item paket-aritma-sistemleri \">\n\t\t\t\t\t<div class=\"item-wrapper\">\n\t\t\t\t\t\t<div class=\"portfolio-thumbnail\">\n\t\t\t\t\t\t\n\t\t\t\t\t\t\t\t\t\t\t\t\t\t<figure>\n\t\t\t\t\t\t\t\t<a href=\"https:\/\/denizcevsan.com\/index.php\/portfolio\/sbr-evsel-nitelikli-atiksu-aritma-sistemleri\/\"><img loading=\"lazy\" decoding=\"async\" width=\"600\" height=\"480\" src=\"https:\/\/denizcevsan.com\/wp-content\/uploads\/2025\/05\/admin-ajax-21.jpeg\" class=\"attachment-ts_portfolio_thumb size-ts_portfolio_thumb wp-post-image\" alt=\"\" srcset=\"https:\/\/denizcevsan.com\/wp-content\/uploads\/2025\/05\/admin-ajax-21.jpeg 600w, https:\/\/denizcevsan.com\/wp-content\/uploads\/2025\/05\/admin-ajax-21-300x240.jpeg 300w\" sizes=\"auto, (max-width: 600px) 100vw, 600px\" \/><\/a>\t\t\t\t\t\t\t\t\n\t\t\t\t\t\t\t<\/figure>\n\t\t\t\t\t\t\t\t\t\t\t\t\t\t\n\t\t\t\t\t\t\t\t\t\t\t\t\t\t\n\t\t\t\t\t\t\t\t\t\t\t\t\t\t<div class=\"cats-portfolio\">\n\t\t\t\t\t\t\t\t<a href=\"https:\/\/denizcevsan.com\/index.php\/ts_portfolio_cat\/paket-aritma-sistemleri\/\" rel=\"tag\">Paket Ar\u0131tma Sistemleri<\/a>\t\t\t\t\t\t\t<\/div>\n\t\t\t\t\t\t\t\t\t\t\t\t\t\t\n\t\t\t\t\t\t<\/div>\n\t\t\t\t\t\t\n\t\t\t\t\t\t<div class=\"portfolio-meta\">\n\n\t\t\t\t\t\t\t\t\t\t\t\t\t\t<h4 class=\"heading-title\">\n\t\t\t\t\t\t\t\t<a href=\"https:\/\/denizcevsan.com\/index.php\/portfolio\/sbr-evsel-nitelikli-atiksu-aritma-sistemleri\/\">\n\t\t\t\t\t\t\t\t\tSBR- Evsel Nitelikli At\u0131ksu Ar\u0131tma Sistemleri\t\t\t\t\t\t\t\t<\/a>\n\t\t\t\t\t\t\t<\/h4>\n\t\t\t\t\t\t\t\t\t\t\t\t\t\t\n\t\t\t\t\t\t\t\n\t\t\t\t\t\t<\/div>\n\t\t\t\t\t<\/div>\n\t\t\t\t<\/div>\n\t\t\t\t\t\t\t<\/div>\n\t\t\t\t\n\t\t\t\t\t\t\t<\/div>\n\t\t\t\n\t\t\t\t\t<\/div>\n\t\t\t\t<\/div>\n\t\t\t\t\t<\/div>\n\t\t<\/div>\n\t\t\t\t\t\t\t<\/div>\n\t\t<\/section>\n\t\t\t\t\t\t\t<\/div>\n\t\t","protected":false},"excerpt":{"rendered":"<p>All Paket Ar\u0131tma Sistemleri Paket Ar\u0131tma Sistemleri DAF- Ya\u011f i\u00e7erikli At\u0131ksu Paket Ar\u0131tma Sistemleri Paket Ar\u0131tma Sistemleri MBBR- \u0130leri Biyolojik At\u0131ksu Ar\u0131tma Sistemleri Paket Ar\u0131tma Sistemleri MBR- Membranl\u0131 At\u0131ksu Ar\u0131tma Sistemleri Paket Ar\u0131tma Sistemleri SBR- Evsel Nitelikli At\u0131ksu Ar\u0131tma Sistemleri<\/p>\n","protected":false},"author":1,"featured_media":0,"parent":0,"menu_order":0,"comment_status":"closed","ping_status":"closed","template":"","meta":{"footnotes":""},"class_list":["post-194","page","type-page","status-publish","hentry"],"_links":{"self":[{"href":"https:\/\/denizcevsan.com\/index.php\/wp-json\/wp\/v2\/pages\/194","targetHints":{"allow":["GET"]}}],"collection":[{"href":"https:\/\/denizcevsan.com\/index.php\/wp-json\/wp\/v2\/pages"}],"about":[{"href":"https:\/\/denizcevsan.com\/index.php\/wp-json\/wp\/v2\/types\/page"}],"author":[{"embeddable":true,"href":"https:\/\/denizcevsan.com\/index.php\/wp-json\/wp\/v2\/users\/1"}],"replies":[{"embeddable":true,"href":"https:\/\/denizcevsan.com\/index.php\/wp-json\/wp\/v2\/comments?post=194"}],"version-history":[{"count":4,"href":"https:\/\/denizcevsan.com\/index.php\/wp-json\/wp\/v2\/pages\/194\/revisions"}],"predecessor-version":[{"id":198,"href":"https:\/\/denizcevsan.com\/index.php\/wp-json\/wp\/v2\/pages\/194\/revisions\/198"}],"wp:attachment":[{"href":"https:\/\/denizcevsan.com\/index.php\/wp-json\/wp\/v2\/media?parent=194"}],"curies":[{"name":"wp","href":"https:\/\/api.w.org\/{rel}","templated":true}]}}