{"id":199,"date":"2025-05-12T12:13:49","date_gmt":"2025-05-12T09:13:49","guid":{"rendered":"https:\/\/denizcevsan.com\/?page_id=199"},"modified":"2025-05-12T12:14:26","modified_gmt":"2025-05-12T09:14:26","slug":"icme-ve-kullanma-suyu-aritma-sistemleri","status":"publish","type":"page","link":"https:\/\/denizcevsan.com\/index.php\/icme-ve-kullanma-suyu-aritma-sistemleri\/","title":{"rendered":"\u0130\u00e7me ve Kullanma Suyu Ar\u0131tma Sistemleri"},"content":{"rendered":"\t\t<div data-elementor-type=\"wp-page\" data-elementor-id=\"199\" class=\"elementor elementor-199\">\n\t\t\t\t\t\t\t\t\t<section class=\"elementor-section elementor-top-section elementor-element elementor-element-48ee27c elementor-section-boxed elementor-section-height-default elementor-section-height-default\" data-id=\"48ee27c\" data-element_type=\"section\">\n\t\t\t\t\t\t<div class=\"elementor-container elementor-column-gap-default\">\n\t\t\t\t\t<div class=\"elementor-column elementor-col-100 elementor-top-column elementor-element elementor-element-41b4970\" data-id=\"41b4970\" data-element_type=\"column\">\n\t\t\t<div class=\"elementor-widget-wrap elementor-element-populated\">\n\t\t\t\t\t\t\t\t<div class=\"elementor-element elementor-element-a8c891f elementor-widget elementor-widget-ts-portfolios\" data-id=\"a8c891f\" data-element_type=\"widget\" data-widget_type=\"ts-portfolios.default\">\n\t\t\t\t<div class=\"elementor-widget-container\">\n\t\t\t\t\t\t<div class=\"ts-portfolio-wrapper ts-shortcode loading ts-masonry columns-3\" data-atts=\"{&quot;columns&quot;:&quot;3&quot;,&quot;limit&quot;:9,&quot;categories&quot;:&quot;22&quot;,&quot;orderby&quot;:&quot;none&quot;,&quot;order&quot;:&quot;DESC&quot;,&quot;show_filter_bar&quot;:&quot;1&quot;,&quot;show_title&quot;:&quot;1&quot;,&quot;show_date&quot;:&quot;0&quot;,&quot;show_categories&quot;:&quot;1&quot;,&quot;show_like_icon&quot;:&quot;0&quot;,&quot;original_image&quot;:&quot;0&quot;,&quot;is_slider&quot;:&quot;0&quot;,&quot;show_nav&quot;:&quot;1&quot;,&quot;auto_play&quot;:&quot;0&quot;}\" >\n\t\t\t\n\t\t\t\t\t\t\n\t\t\t\t\t\t\t\t<ul class=\"filter-bar\">\n\t\t\t\t\t\t<li data-filter=\"*\" class=\"current\">All<\/li>\n\t\t\t\t\t\t\t\t\t\t\t\t<li data-filter=\".icme-ve-kullanma-suyu-aritma-sistemleri\">\u0130\u00e7me ve Kullanma Suyu Ar\u0131tma Sistemleri<\/li>\n\t\t\t\t\t\t\t\t\t\t\t<\/ul>\n\t\t\t\t\t\t\t\t\t<div class=\"portfolio-inner items\">\n\t\t\t\t\t\t\t\t\t<div class=\"item icme-ve-kullanma-suyu-aritma-sistemleri \">\n\t\t\t\t\t<div class=\"item-wrapper\">\n\t\t\t\t\t\t<div class=\"portfolio-thumbnail\">\n\t\t\t\t\t\t\n\t\t\t\t\t\t\t\t\t\t\t\t\t\t\n\t\t\t\t\t\t\t\t\t\t\t\t\t\t\n\t\t\t\t\t\t\t\t\t\t\t\t\t\t<div class=\"cats-portfolio\">\n\t\t\t\t\t\t\t\t<a href=\"https:\/\/denizcevsan.com\/index.php\/ts_portfolio_cat\/icme-ve-kullanma-suyu-aritma-sistemleri\/\" rel=\"tag\">\u0130\u00e7me ve Kullanma Suyu Ar\u0131tma Sistemleri<\/a>\t\t\t\t\t\t\t<\/div>\n\t\t\t\t\t\t\t\t\t\t\t\t\t\t\n\t\t\t\t\t\t<\/div>\n\t\t\t\t\t\t\n\t\t\t\t\t\t<div class=\"portfolio-meta\">\n\n\t\t\t\t\t\t\t\t\t\t\t\t\t\t<h4 class=\"heading-title\">\n\t\t\t\t\t\t\t\t<a href=\"https:\/\/denizcevsan.com\/index.php\/portfolio\/toz-aktif-karbonlar\/\">\n\t\t\t\t\t\t\t\t\tToz Aktif Karbonlar\t\t\t\t\t\t\t\t<\/a>\n\t\t\t\t\t\t\t<\/h4>\n\t\t\t\t\t\t\t\t\t\t\t\t\t\t\n\t\t\t\t\t\t\t\n\t\t\t\t\t\t<\/div>\n\t\t\t\t\t<\/div>\n\t\t\t\t<\/div>\n\t\t\t\t\t\t\t<div class=\"item icme-ve-kullanma-suyu-aritma-sistemleri \">\n\t\t\t\t\t<div class=\"item-wrapper\">\n\t\t\t\t\t\t<div class=\"portfolio-thumbnail\">\n\t\t\t\t\t\t\n\t\t\t\t\t\t\t\t\t\t\t\t\t\t<figure>\n\t\t\t\t\t\t\t\t<a href=\"https:\/\/denizcevsan.com\/index.php\/portfolio\/uf-ultra-filtrasyon-sistemleri\/\"><img loading=\"lazy\" decoding=\"async\" width=\"450\" height=\"600\" src=\"https:\/\/denizcevsan.com\/wp-content\/uploads\/2025\/05\/admin-ajax-11.jpeg\" class=\"attachment-ts_portfolio_thumb size-ts_portfolio_thumb wp-post-image\" alt=\"\" srcset=\"https:\/\/denizcevsan.com\/wp-content\/uploads\/2025\/05\/admin-ajax-11.jpeg 450w, https:\/\/denizcevsan.com\/wp-content\/uploads\/2025\/05\/admin-ajax-11-225x300.jpeg 225w, https:\/\/denizcevsan.com\/wp-content\/uploads\/2025\/05\/admin-ajax-11-390x520.jpeg 390w\" sizes=\"auto, (max-width: 450px) 100vw, 450px\" \/><\/a>\t\t\t\t\t\t\t\t\n\t\t\t\t\t\t\t<\/figure>\n\t\t\t\t\t\t\t\t\t\t\t\t\t\t\n\t\t\t\t\t\t\t\t\t\t\t\t\t\t\n\t\t\t\t\t\t\t\t\t\t\t\t\t\t<div class=\"cats-portfolio\">\n\t\t\t\t\t\t\t\t<a href=\"https:\/\/denizcevsan.com\/index.php\/ts_portfolio_cat\/icme-ve-kullanma-suyu-aritma-sistemleri\/\" rel=\"tag\">\u0130\u00e7me ve Kullanma Suyu Ar\u0131tma Sistemleri<\/a>\t\t\t\t\t\t\t<\/div>\n\t\t\t\t\t\t\t\t\t\t\t\t\t\t\n\t\t\t\t\t\t<\/div>\n\t\t\t\t\t\t\n\t\t\t\t\t\t<div class=\"portfolio-meta\">\n\n\t\t\t\t\t\t\t\t\t\t\t\t\t\t<h4 class=\"heading-title\">\n\t\t\t\t\t\t\t\t<a href=\"https:\/\/denizcevsan.com\/index.php\/portfolio\/uf-ultra-filtrasyon-sistemleri\/\">\n\t\t\t\t\t\t\t\t\tUF- Ultra Filtrasyon Sistemleri\t\t\t\t\t\t\t\t<\/a>\n\t\t\t\t\t\t\t<\/h4>\n\t\t\t\t\t\t\t\t\t\t\t\t\t\t\n\t\t\t\t\t\t\t\n\t\t\t\t\t\t<\/div>\n\t\t\t\t\t<\/div>\n\t\t\t\t<\/div>\n\t\t\t\t\t\t\t<div class=\"item icme-ve-kullanma-suyu-aritma-sistemleri \">\n\t\t\t\t\t<div class=\"item-wrapper\">\n\t\t\t\t\t\t<div class=\"portfolio-thumbnail\">\n\t\t\t\t\t\t\n\t\t\t\t\t\t\t\t\t\t\t\t\t\t<figure>\n\t\t\t\t\t\t\t\t<a href=\"https:\/\/denizcevsan.com\/index.php\/portfolio\/ro-reverse-osmos-sistemleri\/\"><img loading=\"lazy\" decoding=\"async\" width=\"600\" height=\"409\" src=\"https:\/\/denizcevsan.com\/wp-content\/uploads\/2025\/05\/admin-ajax-12.jpeg\" class=\"attachment-ts_portfolio_thumb size-ts_portfolio_thumb wp-post-image\" alt=\"\" srcset=\"https:\/\/denizcevsan.com\/wp-content\/uploads\/2025\/05\/admin-ajax-12.jpeg 600w, https:\/\/denizcevsan.com\/wp-content\/uploads\/2025\/05\/admin-ajax-12-300x205.jpeg 300w\" sizes=\"auto, (max-width: 600px) 100vw, 600px\" \/><\/a>\t\t\t\t\t\t\t\t\n\t\t\t\t\t\t\t<\/figure>\n\t\t\t\t\t\t\t\t\t\t\t\t\t\t\n\t\t\t\t\t\t\t\t\t\t\t\t\t\t\n\t\t\t\t\t\t\t\t\t\t\t\t\t\t<div class=\"cats-portfolio\">\n\t\t\t\t\t\t\t\t<a href=\"https:\/\/denizcevsan.com\/index.php\/ts_portfolio_cat\/icme-ve-kullanma-suyu-aritma-sistemleri\/\" rel=\"tag\">\u0130\u00e7me ve Kullanma Suyu Ar\u0131tma Sistemleri<\/a>\t\t\t\t\t\t\t<\/div>\n\t\t\t\t\t\t\t\t\t\t\t\t\t\t\n\t\t\t\t\t\t<\/div>\n\t\t\t\t\t\t\n\t\t\t\t\t\t<div class=\"portfolio-meta\">\n\n\t\t\t\t\t\t\t\t\t\t\t\t\t\t<h4 class=\"heading-title\">\n\t\t\t\t\t\t\t\t<a href=\"https:\/\/denizcevsan.com\/index.php\/portfolio\/ro-reverse-osmos-sistemleri\/\">\n\t\t\t\t\t\t\t\t\tRO- Reverse Osmos Sistemleri\t\t\t\t\t\t\t\t<\/a>\n\t\t\t\t\t\t\t<\/h4>\n\t\t\t\t\t\t\t\t\t\t\t\t\t\t\n\t\t\t\t\t\t\t\n\t\t\t\t\t\t<\/div>\n\t\t\t\t\t<\/div>\n\t\t\t\t<\/div>\n\t\t\t\t\t\t\t<div class=\"item icme-ve-kullanma-suyu-aritma-sistemleri \">\n\t\t\t\t\t<div class=\"item-wrapper\">\n\t\t\t\t\t\t<div class=\"portfolio-thumbnail\">\n\t\t\t\t\t\t\n\t\t\t\t\t\t\t\t\t\t\t\t\t\t<figure>\n\t\t\t\t\t\t\t\t<a href=\"https:\/\/denizcevsan.com\/index.php\/portfolio\/filtrasyon-sistemleri\/\"><img loading=\"lazy\" decoding=\"async\" width=\"450\" height=\"600\" src=\"https:\/\/denizcevsan.com\/wp-content\/uploads\/2025\/05\/admin-ajax-13.jpeg\" class=\"attachment-ts_portfolio_thumb size-ts_portfolio_thumb wp-post-image\" alt=\"\" srcset=\"https:\/\/denizcevsan.com\/wp-content\/uploads\/2025\/05\/admin-ajax-13.jpeg 450w, https:\/\/denizcevsan.com\/wp-content\/uploads\/2025\/05\/admin-ajax-13-225x300.jpeg 225w, https:\/\/denizcevsan.com\/wp-content\/uploads\/2025\/05\/admin-ajax-13-390x520.jpeg 390w\" sizes=\"auto, (max-width: 450px) 100vw, 450px\" \/><\/a>\t\t\t\t\t\t\t\t\n\t\t\t\t\t\t\t<\/figure>\n\t\t\t\t\t\t\t\t\t\t\t\t\t\t\n\t\t\t\t\t\t\t\t\t\t\t\t\t\t\n\t\t\t\t\t\t\t\t\t\t\t\t\t\t<div class=\"cats-portfolio\">\n\t\t\t\t\t\t\t\t<a href=\"https:\/\/denizcevsan.com\/index.php\/ts_portfolio_cat\/icme-ve-kullanma-suyu-aritma-sistemleri\/\" rel=\"tag\">\u0130\u00e7me ve Kullanma Suyu Ar\u0131tma Sistemleri<\/a>\t\t\t\t\t\t\t<\/div>\n\t\t\t\t\t\t\t\t\t\t\t\t\t\t\n\t\t\t\t\t\t<\/div>\n\t\t\t\t\t\t\n\t\t\t\t\t\t<div class=\"portfolio-meta\">\n\n\t\t\t\t\t\t\t\t\t\t\t\t\t\t<h4 class=\"heading-title\">\n\t\t\t\t\t\t\t\t<a href=\"https:\/\/denizcevsan.com\/index.php\/portfolio\/filtrasyon-sistemleri\/\">\n\t\t\t\t\t\t\t\t\tFiltrasyon Sistemleri\t\t\t\t\t\t\t\t<\/a>\n\t\t\t\t\t\t\t<\/h4>\n\t\t\t\t\t\t\t\t\t\t\t\t\t\t\n\t\t\t\t\t\t\t\n\t\t\t\t\t\t<\/div>\n\t\t\t\t\t<\/div>\n\t\t\t\t<\/div>\n\t\t\t\t\t\t\t<\/div>\n\t\t\t\t\n\t\t\t\t\t\t\t<\/div>\n\t\t\t\n\t\t\t\t\t<\/div>\n\t\t\t\t<\/div>\n\t\t\t\t\t<\/div>\n\t\t<\/div>\n\t\t\t\t\t\t\t<\/div>\n\t\t<\/section>\n\t\t\t\t\t\t\t<\/div>\n\t\t","protected":false},"excerpt":{"rendered":"<p>All \u0130\u00e7me ve Kullanma Suyu Ar\u0131tma Sistemleri \u0130\u00e7me ve Kullanma Suyu Ar\u0131tma Sistemleri Toz Aktif Karbonlar \u0130\u00e7me ve Kullanma Suyu Ar\u0131tma Sistemleri UF- Ultra Filtrasyon Sistemleri \u0130\u00e7me ve Kullanma Suyu Ar\u0131tma Sistemleri RO- Reverse Osmos Sistemleri \u0130\u00e7me ve Kullanma Suyu Ar\u0131tma Sistemleri Filtrasyon Sistemleri<\/p>\n","protected":false},"author":1,"featured_media":0,"parent":0,"menu_order":0,"comment_status":"closed","ping_status":"closed","template":"","meta":{"footnotes":""},"class_list":["post-199","page","type-page","status-publish","hentry"],"_links":{"self":[{"href":"https:\/\/denizcevsan.com\/index.php\/wp-json\/wp\/v2\/pages\/199","targetHints":{"allow":["GET"]}}],"collection":[{"href":"https:\/\/denizcevsan.com\/index.php\/wp-json\/wp\/v2\/pages"}],"about":[{"href":"https:\/\/denizcevsan.com\/index.php\/wp-json\/wp\/v2\/types\/page"}],"author":[{"embeddable":true,"href":"https:\/\/denizcevsan.com\/index.php\/wp-json\/wp\/v2\/users\/1"}],"replies":[{"embeddable":true,"href":"https:\/\/denizcevsan.com\/index.php\/wp-json\/wp\/v2\/comments?post=199"}],"version-history":[{"count":4,"href":"https:\/\/denizcevsan.com\/index.php\/wp-json\/wp\/v2\/pages\/199\/revisions"}],"predecessor-version":[{"id":206,"href":"https:\/\/denizcevsan.com\/index.php\/wp-json\/wp\/v2\/pages\/199\/revisions\/206"}],"wp:attachment":[{"href":"https:\/\/denizcevsan.com\/index.php\/wp-json\/wp\/v2\/media?parent=199"}],"curies":[{"name":"wp","href":"https:\/\/api.w.org\/{rel}","templated":true}]}}